{"id":757,"date":"2020-03-16T16:56:07","date_gmt":"2020-03-16T16:56:07","guid":{"rendered":"https:\/\/sahabi.fr\/?post_type=product&#038;p=757"},"modified":"2025-05-24T10:39:30","modified_gmt":"2025-05-24T10:39:30","slug":"t-shirt-oversize-fendu-sur-les-cotes","status":"publish","type":"product","link":"https:\/\/sahabi.fr\/en\/product\/t-shirt-oversize-fendu-sur-les-cotes\/","title":{"rendered":"T-shirt sahabi oversize fendu sur les c\u00f4t\u00e9s"},"content":{"rendered":"<p>T-shirt oversize avec ouverture sur les c\u00f4t\u00e9s et arrondi \u00e0 l&rsquo;arri\u00e8re.<\/p>\n<p>Le Logo sahabi est brod\u00e9 sur le t-shirt.<\/p>\n<p>&nbsp;<\/p>\n<p>Compositions :<\/p>\n<ul>\n<li>93% Coton<\/li>\n<li>7% Elasthane<\/li>\n<\/ul>\n<p>&nbsp;<\/p>","protected":false},"excerpt":{"rendered":"<p>Le mannequin p\u00e8se 74kg, mesure 1m80 et porte la taille M.<\/p>","protected":false},"featured_media":816,"comment_status":"open","ping_status":"closed","template":"","meta":{"_monsterinsights_skip_tracking":false,"_monsterinsights_sitenote_active":false,"_monsterinsights_sitenote_note":"","_monsterinsights_sitenote_category":0},"product_brand":[],"product_cat":[31,18,16],"product_tag":[],"class_list":{"0":"post-757","1":"product","2":"type-product","3":"status-publish","4":"has-post-thumbnail","6":"product_cat-hauts","7":"product_cat-t-shirt","8":"product_cat-vetements","10":"first","11":"outofstock","12":"shipping-taxable","13":"purchasable","14":"product-type-variable"},"yoast_head":"<!-- This site is optimized with the Yoast SEO plugin v27.1.1 - https:\/\/yoast.com\/product\/yoast-seo-wordpress\/ -->\n<title>T-shirt sahabi oversize fendu sur les c\u00f4t\u00e9s - Sahabi<\/title>\n<meta name=\"description\" content=\"Sarouel et mode oversize pour homme sur la boutique Sahabi en ligne. Sarouel jeans, sarouel classe, sweat oversize, t-shirt oversize.\" \/>\n<meta name=\"robots\" content=\"index, follow, max-snippet:-1, max-image-preview:large, max-video-preview:-1\" \/>\n<link rel=\"canonical\" href=\"https:\/\/sahabi.fr\/en\/product\/t-shirt-oversize-fendu-sur-les-cotes\/\" \/>\n<meta property=\"og:locale\" content=\"en_GB\" \/>\n<meta property=\"og:type\" content=\"article\" \/>\n<meta property=\"og:title\" content=\"T-shirt sahabi oversize fendu sur les c\u00f4t\u00e9s - Sahabi\" \/>\n<meta property=\"og:description\" content=\"Sarouel et mode oversize pour homme sur la boutique Sahabi en ligne. Sarouel jeans, sarouel classe, sweat oversize, t-shirt oversize.\" \/>\n<meta property=\"og:url\" content=\"https:\/\/sahabi.fr\/en\/product\/t-shirt-oversize-fendu-sur-les-cotes\/\" \/>\n<meta property=\"og:site_name\" content=\"Sahabi\" \/>\n<meta property=\"article:publisher\" content=\"https:\/\/www.facebook.com\/sahabi.clothing.oversize\" \/>\n<meta property=\"article:modified_time\" content=\"2025-05-24T10:39:30+00:00\" \/>\n<meta property=\"og:image\" content=\"https:\/\/sahabi.fr\/wp-content\/uploads\/2020\/01\/t-shirt-oversize-fendu-sur-les-co\u0302te\u0301s-1024x1024.png\" \/>\n\t<meta property=\"og:image:width\" content=\"1024\" \/>\n\t<meta property=\"og:image:height\" content=\"1024\" \/>\n\t<meta property=\"og:image:type\" content=\"image\/png\" \/>\n<meta name=\"twitter:card\" content=\"summary_large_image\" \/>\n<script type=\"application\/ld+json\" class=\"yoast-schema-graph\">{\"@context\":\"https:\/\/schema.org\",\"@graph\":[{\"@type\":\"WebPage\",\"@id\":\"https:\/\/sahabi.fr\/en\/product\/t-shirt-oversize-fendu-sur-les-cotes\/\",\"url\":\"https:\/\/sahabi.fr\/en\/product\/t-shirt-oversize-fendu-sur-les-cotes\/\",\"name\":\"T-shirt sahabi oversize fendu sur les c\u00f4t\u00e9s - Sahabi\",\"isPartOf\":{\"@id\":\"https:\/\/sahabi.fr\/#website\"},\"primaryImageOfPage\":{\"@id\":\"https:\/\/sahabi.fr\/en\/product\/t-shirt-oversize-fendu-sur-les-cotes\/#primaryimage\"},\"image\":{\"@id\":\"https:\/\/sahabi.fr\/en\/product\/t-shirt-oversize-fendu-sur-les-cotes\/#primaryimage\"},\"thumbnailUrl\":\"https:\/\/sahabi.fr\/wp-content\/uploads\/2020\/01\/t-shirt-oversize-fendu-sur-les-co\u0302te\u0301s.png\",\"datePublished\":\"2020-03-16T16:56:07+00:00\",\"dateModified\":\"2025-05-24T10:39:30+00:00\",\"description\":\"Sarouel et mode oversize pour homme sur la boutique Sahabi en ligne. Sarouel jeans, sarouel classe, sweat oversize, t-shirt oversize.\",\"breadcrumb\":{\"@id\":\"https:\/\/sahabi.fr\/en\/product\/t-shirt-oversize-fendu-sur-les-cotes\/#breadcrumb\"},\"inLanguage\":\"en-GB\",\"potentialAction\":[{\"@type\":\"ReadAction\",\"target\":[\"https:\/\/sahabi.fr\/en\/product\/t-shirt-oversize-fendu-sur-les-cotes\/\"]}]},{\"@type\":\"ImageObject\",\"inLanguage\":\"en-GB\",\"@id\":\"https:\/\/sahabi.fr\/en\/product\/t-shirt-oversize-fendu-sur-les-cotes\/#primaryimage\",\"url\":\"https:\/\/sahabi.fr\/wp-content\/uploads\/2020\/01\/t-shirt-oversize-fendu-sur-les-co\u0302te\u0301s.png\",\"contentUrl\":\"https:\/\/sahabi.fr\/wp-content\/uploads\/2020\/01\/t-shirt-oversize-fendu-sur-les-co\u0302te\u0301s.png\",\"width\":2100,\"height\":2101,\"caption\":\"t-shirt oversize fendu sur les co\u0302te\u0301s\"},{\"@type\":\"BreadcrumbList\",\"@id\":\"https:\/\/sahabi.fr\/en\/product\/t-shirt-oversize-fendu-sur-les-cotes\/#breadcrumb\",\"itemListElement\":[{\"@type\":\"ListItem\",\"position\":1,\"name\":\"Accueil\",\"item\":\"https:\/\/sahabi.fr\/\"},{\"@type\":\"ListItem\",\"position\":2,\"name\":\"Boutique\",\"item\":\"https:\/\/sahabi.fr\/boutique\/\"},{\"@type\":\"ListItem\",\"position\":3,\"name\":\"T-shirt sahabi oversize fendu sur les c\u00f4t\u00e9s\"}]},{\"@type\":\"WebSite\",\"@id\":\"https:\/\/sahabi.fr\/#website\",\"url\":\"https:\/\/sahabi.fr\/\",\"name\":\"Sahabi\",\"description\":\"V\u00eatements oversize &amp; sarouel\",\"publisher\":{\"@id\":\"https:\/\/sahabi.fr\/#organization\"},\"potentialAction\":[{\"@type\":\"SearchAction\",\"target\":{\"@type\":\"EntryPoint\",\"urlTemplate\":\"https:\/\/sahabi.fr\/?s={search_term_string}\"},\"query-input\":{\"@type\":\"PropertyValueSpecification\",\"valueRequired\":true,\"valueName\":\"search_term_string\"}}],\"inLanguage\":\"en-GB\"},{\"@type\":\"Organization\",\"@id\":\"https:\/\/sahabi.fr\/#organization\",\"name\":\"Sahabi\",\"url\":\"https:\/\/sahabi.fr\/\",\"logo\":{\"@type\":\"ImageObject\",\"inLanguage\":\"en-GB\",\"@id\":\"https:\/\/sahabi.fr\/#\/schema\/logo\/image\/\",\"url\":\"https:\/\/sahabi.fr\/wp-content\/uploads\/2021\/02\/logo-sahabi-fond-noir-logo-blanc.png\",\"contentUrl\":\"https:\/\/sahabi.fr\/wp-content\/uploads\/2021\/02\/logo-sahabi-fond-noir-logo-blanc.png\",\"width\":2100,\"height\":2100,\"caption\":\"Sahabi\"},\"image\":{\"@id\":\"https:\/\/sahabi.fr\/#\/schema\/logo\/image\/\"},\"sameAs\":[\"https:\/\/www.facebook.com\/sahabi.clothing.oversize\",\"https:\/\/www.instagram.com\/sahabi.fr\/?hl=fr\",\"https:\/\/www.pinterest.fr\/Sahabiclothing\/_created\/\"]}]}<\/script>\n<!-- \/ Yoast SEO plugin. -->","yoast_head_json":{"title":"T-shirt sahabi oversize fendu sur les c\u00f4t\u00e9s - Sahabi","description":"Sarouel et mode oversize pour homme sur la boutique Sahabi en ligne. Sarouel jeans, sarouel classe, sweat oversize, t-shirt oversize.","robots":{"index":"index","follow":"follow","max-snippet":"max-snippet:-1","max-image-preview":"max-image-preview:large","max-video-preview":"max-video-preview:-1"},"canonical":"https:\/\/sahabi.fr\/en\/product\/t-shirt-oversize-fendu-sur-les-cotes\/","og_locale":"en_GB","og_type":"article","og_title":"T-shirt sahabi oversize fendu sur les c\u00f4t\u00e9s - Sahabi","og_description":"Sarouel et mode oversize pour homme sur la boutique Sahabi en ligne. Sarouel jeans, sarouel classe, sweat oversize, t-shirt oversize.","og_url":"https:\/\/sahabi.fr\/en\/product\/t-shirt-oversize-fendu-sur-les-cotes\/","og_site_name":"Sahabi","article_publisher":"https:\/\/www.facebook.com\/sahabi.clothing.oversize","article_modified_time":"2025-05-24T10:39:30+00:00","og_image":[{"width":1024,"height":1024,"url":"https:\/\/sahabi.fr\/wp-content\/uploads\/2020\/01\/t-shirt-oversize-fendu-sur-les-co\u0302te\u0301s-1024x1024.png","type":"image\/png"}],"twitter_card":"summary_large_image","schema":{"@context":"https:\/\/schema.org","@graph":[{"@type":"WebPage","@id":"https:\/\/sahabi.fr\/en\/product\/t-shirt-oversize-fendu-sur-les-cotes\/","url":"https:\/\/sahabi.fr\/en\/product\/t-shirt-oversize-fendu-sur-les-cotes\/","name":"T-shirt sahabi oversize fendu sur les c\u00f4t\u00e9s - Sahabi","isPartOf":{"@id":"https:\/\/sahabi.fr\/#website"},"primaryImageOfPage":{"@id":"https:\/\/sahabi.fr\/en\/product\/t-shirt-oversize-fendu-sur-les-cotes\/#primaryimage"},"image":{"@id":"https:\/\/sahabi.fr\/en\/product\/t-shirt-oversize-fendu-sur-les-cotes\/#primaryimage"},"thumbnailUrl":"https:\/\/sahabi.fr\/wp-content\/uploads\/2020\/01\/t-shirt-oversize-fendu-sur-les-co\u0302te\u0301s.png","datePublished":"2020-03-16T16:56:07+00:00","dateModified":"2025-05-24T10:39:30+00:00","description":"Sarouel et mode oversize pour homme sur la boutique Sahabi en ligne. Sarouel jeans, sarouel classe, sweat oversize, t-shirt oversize.","breadcrumb":{"@id":"https:\/\/sahabi.fr\/en\/product\/t-shirt-oversize-fendu-sur-les-cotes\/#breadcrumb"},"inLanguage":"en-GB","potentialAction":[{"@type":"ReadAction","target":["https:\/\/sahabi.fr\/en\/product\/t-shirt-oversize-fendu-sur-les-cotes\/"]}]},{"@type":"ImageObject","inLanguage":"en-GB","@id":"https:\/\/sahabi.fr\/en\/product\/t-shirt-oversize-fendu-sur-les-cotes\/#primaryimage","url":"https:\/\/sahabi.fr\/wp-content\/uploads\/2020\/01\/t-shirt-oversize-fendu-sur-les-co\u0302te\u0301s.png","contentUrl":"https:\/\/sahabi.fr\/wp-content\/uploads\/2020\/01\/t-shirt-oversize-fendu-sur-les-co\u0302te\u0301s.png","width":2100,"height":2101,"caption":"t-shirt oversize fendu sur les co\u0302te\u0301s"},{"@type":"BreadcrumbList","@id":"https:\/\/sahabi.fr\/en\/product\/t-shirt-oversize-fendu-sur-les-cotes\/#breadcrumb","itemListElement":[{"@type":"ListItem","position":1,"name":"Accueil","item":"https:\/\/sahabi.fr\/"},{"@type":"ListItem","position":2,"name":"Boutique","item":"https:\/\/sahabi.fr\/boutique\/"},{"@type":"ListItem","position":3,"name":"T-shirt sahabi oversize fendu sur les c\u00f4t\u00e9s"}]},{"@type":"WebSite","@id":"https:\/\/sahabi.fr\/#website","url":"https:\/\/sahabi.fr\/","name":"Sahabi","description":"V\u00eatements oversize &amp; sarouel","publisher":{"@id":"https:\/\/sahabi.fr\/#organization"},"potentialAction":[{"@type":"SearchAction","target":{"@type":"EntryPoint","urlTemplate":"https:\/\/sahabi.fr\/?s={search_term_string}"},"query-input":{"@type":"PropertyValueSpecification","valueRequired":true,"valueName":"search_term_string"}}],"inLanguage":"en-GB"},{"@type":"Organization","@id":"https:\/\/sahabi.fr\/#organization","name":"Sahabi","url":"https:\/\/sahabi.fr\/","logo":{"@type":"ImageObject","inLanguage":"en-GB","@id":"https:\/\/sahabi.fr\/#\/schema\/logo\/image\/","url":"https:\/\/sahabi.fr\/wp-content\/uploads\/2021\/02\/logo-sahabi-fond-noir-logo-blanc.png","contentUrl":"https:\/\/sahabi.fr\/wp-content\/uploads\/2021\/02\/logo-sahabi-fond-noir-logo-blanc.png","width":2100,"height":2100,"caption":"Sahabi"},"image":{"@id":"https:\/\/sahabi.fr\/#\/schema\/logo\/image\/"},"sameAs":["https:\/\/www.facebook.com\/sahabi.clothing.oversize","https:\/\/www.instagram.com\/sahabi.fr\/?hl=fr","https:\/\/www.pinterest.fr\/Sahabiclothing\/_created\/"]}]}},"jetpack_sharing_enabled":true,"_links":{"self":[{"href":"https:\/\/sahabi.fr\/en\/wp-json\/wp\/v2\/product\/757","targetHints":{"allow":["GET"]}}],"collection":[{"href":"https:\/\/sahabi.fr\/en\/wp-json\/wp\/v2\/product"}],"about":[{"href":"https:\/\/sahabi.fr\/en\/wp-json\/wp\/v2\/types\/product"}],"replies":[{"embeddable":true,"href":"https:\/\/sahabi.fr\/en\/wp-json\/wp\/v2\/comments?post=757"}],"wp:featuredmedia":[{"embeddable":true,"href":"https:\/\/sahabi.fr\/en\/wp-json\/wp\/v2\/media\/816"}],"wp:attachment":[{"href":"https:\/\/sahabi.fr\/en\/wp-json\/wp\/v2\/media?parent=757"}],"wp:term":[{"taxonomy":"product_brand","embeddable":true,"href":"https:\/\/sahabi.fr\/en\/wp-json\/wp\/v2\/product_brand?post=757"},{"taxonomy":"product_cat","embeddable":true,"href":"https:\/\/sahabi.fr\/en\/wp-json\/wp\/v2\/product_cat?post=757"},{"taxonomy":"product_tag","embeddable":true,"href":"https:\/\/sahabi.fr\/en\/wp-json\/wp\/v2\/product_tag?post=757"}],"curies":[{"name":"wp","href":"https:\/\/api.w.org\/{rel}","templated":true}]}}