{"id":592,"date":"2019-11-15T08:09:41","date_gmt":"2019-11-15T08:09:41","guid":{"rendered":"https:\/\/sahabi.fr\/?post_type=product&#038;p=592"},"modified":"2021-07-14T16:17:23","modified_gmt":"2021-07-14T16:17:23","slug":"sarouel-classe-bas-fit-gris-chine","status":"publish","type":"product","link":"https:\/\/sahabi.fr\/en\/product\/sarouel-classe-bas-fit-gris-chine\/","title":{"rendered":"Sarouel classe bas fit gris chin\u00e9"},"content":{"rendered":"<p><strong>D\u00e9tails du produit :<\/strong><\/p>\n<p>Sarouel Sahabi classe bas fit<\/p>\n<ul>\n<li>Fermeture \u00e9clair<\/li>\n<li>Fermeture boutonn\u00e9e<\/li>\n<li>Taille stretch \u00e0 l&rsquo;arri\u00e8re<\/li>\n<li>Passants pour ceinture<\/li>\n<li>Fausses poches \u00e0 l&rsquo;arri\u00e8re<\/li>\n<li>Tissu l\u00e9ger<\/li>\n<li>Effet stretch<\/li>\n<\/ul>\n<p><strong>Composition :<\/strong><\/p>\n<ul>\n<li>67% Polyester<\/li>\n<li>30% Viscose<\/li>\n<li>3% Elasthanne<\/li>\n<\/ul>\n<p><strong>Pr\u00e9cautions :<\/strong><\/p>\n<p><img decoding=\"async\" class=\"alignnone wp-image-91\" style=\"color: #333333;\" src=\"https:\/\/amine.agencewebtasnim.fr\/wp-content\/uploads\/2019\/07\/7.png\" alt=\"\" width=\"22\" height=\"23\" \/>\u00a0LAVABLE EN MACHINE MAX.30\u00baC FRAGILE<\/p>\n<p><img decoding=\"async\" class=\"alignnone wp-image-92\" style=\"color: #333333;\" src=\"https:\/\/amine.agencewebtasnim.fr\/wp-content\/uploads\/2019\/07\/14.png\" alt=\"\" width=\"22\" height=\"23\" \/>\u00a0EAU DE JAVEL INTERDITE<\/p>\n<p><img decoding=\"async\" class=\"alignnone wp-image-93\" src=\"https:\/\/amine.agencewebtasnim.fr\/wp-content\/uploads\/2019\/07\/18.png\" alt=\"\" width=\"22\" height=\"23\" \/>\u00a0REPASSER MAX. 110\u00baC<\/p>\n<p><img decoding=\"async\" class=\"alignnone wp-image-94\" style=\"color: #333333;\" src=\"https:\/\/amine.agencewebtasnim.fr\/wp-content\/uploads\/2019\/07\/28.png\" alt=\"\" width=\"22\" height=\"23\" \/>\u00a0NE PAS NETTOYER A SEC<\/p>\n<p><img decoding=\"async\" class=\"alignnone wp-image-95\" src=\"https:\/\/amine.agencewebtasnim.fr\/wp-content\/uploads\/2019\/07\/35.png\" alt=\"\" width=\"22\" height=\"23\" \/>\u00a0NE PAS SECHER EN MACHINE<\/p>","protected":false},"excerpt":{"rendered":"<p>Sarouel avec une coupe ajust\u00e9, tr\u00e8s l\u00e9ger et surtout styl\u00e9.<\/p>\n<p><span style=\"color: #ff0000;\">ATTENTION : prendre une taille au dessus<\/span><\/p>\n<p>Le mannequin mesure 1 M\u00e8tre 83 \/ 74 Kg et porte la taille L.<\/p>","protected":false},"featured_media":347,"comment_status":"open","ping_status":"closed","template":"","meta":{"_monsterinsights_skip_tracking":false,"_monsterinsights_sitenote_active":false,"_monsterinsights_sitenote_note":"","_monsterinsights_sitenote_category":0},"product_brand":[],"product_cat":[17,16],"product_tag":[],"class_list":{"0":"post-592","1":"product","2":"type-product","3":"status-publish","4":"has-post-thumbnail","6":"product_cat-sarouel","7":"product_cat-vetements","9":"first","10":"outofstock","11":"shipping-taxable","12":"purchasable","13":"product-type-variable"},"yoast_head":"<!-- This site is optimized with the Yoast SEO plugin v27.1.1 - https:\/\/yoast.com\/product\/yoast-seo-wordpress\/ -->\n<title>Sarouel classe bas fit gris chin\u00e9 - Sahabi<\/title>\n<meta name=\"description\" content=\"Sarouel et mode oversize pour homme sur la boutique Sahabi en ligne. Sarouel jeans, sarouel classe, sweat oversize, t-shirt oversize.\" \/>\n<meta name=\"robots\" content=\"index, follow, max-snippet:-1, max-image-preview:large, max-video-preview:-1\" \/>\n<link rel=\"canonical\" href=\"https:\/\/sahabi.fr\/en\/product\/sarouel-classe-bas-fit-gris-chine\/\" \/>\n<meta property=\"og:locale\" content=\"en_GB\" \/>\n<meta property=\"og:type\" content=\"article\" \/>\n<meta property=\"og:title\" content=\"Sarouel classe bas fit gris chin\u00e9 - Sahabi\" \/>\n<meta property=\"og:description\" content=\"Sarouel et mode oversize pour homme sur la boutique Sahabi en ligne. Sarouel jeans, sarouel classe, sweat oversize, t-shirt oversize.\" \/>\n<meta property=\"og:url\" content=\"https:\/\/sahabi.fr\/en\/product\/sarouel-classe-bas-fit-gris-chine\/\" \/>\n<meta property=\"og:site_name\" content=\"Sahabi\" \/>\n<meta property=\"article:publisher\" content=\"https:\/\/www.facebook.com\/sahabi.clothing.oversize\" \/>\n<meta property=\"article:modified_time\" content=\"2021-07-14T16:17:23+00:00\" \/>\n<meta property=\"og:image\" content=\"https:\/\/sahabi.fr\/wp-content\/uploads\/2019\/07\/IMG_E79171-1-768x1024.jpg\" \/>\n\t<meta property=\"og:image:width\" content=\"768\" \/>\n\t<meta property=\"og:image:height\" content=\"1024\" \/>\n\t<meta property=\"og:image:type\" content=\"image\/jpeg\" \/>\n<meta name=\"twitter:card\" content=\"summary_large_image\" \/>\n<script type=\"application\/ld+json\" class=\"yoast-schema-graph\">{\"@context\":\"https:\/\/schema.org\",\"@graph\":[{\"@type\":\"WebPage\",\"@id\":\"https:\/\/sahabi.fr\/produit\/sarouel-classe-bas-fit-gris-chine\/\",\"url\":\"https:\/\/sahabi.fr\/produit\/sarouel-classe-bas-fit-gris-chine\/\",\"name\":\"Sarouel classe bas fit gris chin\u00e9 - Sahabi\",\"isPartOf\":{\"@id\":\"https:\/\/sahabi.fr\/#website\"},\"primaryImageOfPage\":{\"@id\":\"https:\/\/sahabi.fr\/produit\/sarouel-classe-bas-fit-gris-chine\/#primaryimage\"},\"image\":{\"@id\":\"https:\/\/sahabi.fr\/produit\/sarouel-classe-bas-fit-gris-chine\/#primaryimage\"},\"thumbnailUrl\":\"https:\/\/sahabi.fr\/wp-content\/uploads\/2019\/07\/IMG_E79171-1.jpg\",\"datePublished\":\"2019-11-15T08:09:41+00:00\",\"dateModified\":\"2021-07-14T16:17:23+00:00\",\"description\":\"Sarouel et mode oversize pour homme sur la boutique Sahabi en ligne. Sarouel jeans, sarouel classe, sweat oversize, t-shirt oversize.\",\"breadcrumb\":{\"@id\":\"https:\/\/sahabi.fr\/produit\/sarouel-classe-bas-fit-gris-chine\/#breadcrumb\"},\"inLanguage\":\"en-GB\",\"potentialAction\":[{\"@type\":\"ReadAction\",\"target\":[\"https:\/\/sahabi.fr\/produit\/sarouel-classe-bas-fit-gris-chine\/\"]}]},{\"@type\":\"ImageObject\",\"inLanguage\":\"en-GB\",\"@id\":\"https:\/\/sahabi.fr\/produit\/sarouel-classe-bas-fit-gris-chine\/#primaryimage\",\"url\":\"https:\/\/sahabi.fr\/wp-content\/uploads\/2019\/07\/IMG_E79171-1.jpg\",\"contentUrl\":\"https:\/\/sahabi.fr\/wp-content\/uploads\/2019\/07\/IMG_E79171-1.jpg\",\"width\":3024,\"height\":4032,\"caption\":\"Sarouel gris chin\u00e9 de la marque sahabi avec basket adidas\"},{\"@type\":\"BreadcrumbList\",\"@id\":\"https:\/\/sahabi.fr\/produit\/sarouel-classe-bas-fit-gris-chine\/#breadcrumb\",\"itemListElement\":[{\"@type\":\"ListItem\",\"position\":1,\"name\":\"Accueil\",\"item\":\"https:\/\/sahabi.fr\/\"},{\"@type\":\"ListItem\",\"position\":2,\"name\":\"Boutique\",\"item\":\"https:\/\/sahabi.fr\/boutique\/\"},{\"@type\":\"ListItem\",\"position\":3,\"name\":\"Sarouel classe bas fit gris chin\u00e9\"}]},{\"@type\":\"WebSite\",\"@id\":\"https:\/\/sahabi.fr\/#website\",\"url\":\"https:\/\/sahabi.fr\/\",\"name\":\"Sahabi\",\"description\":\"V\u00eatements oversize &amp; sarouel\",\"publisher\":{\"@id\":\"https:\/\/sahabi.fr\/#organization\"},\"potentialAction\":[{\"@type\":\"SearchAction\",\"target\":{\"@type\":\"EntryPoint\",\"urlTemplate\":\"https:\/\/sahabi.fr\/?s={search_term_string}\"},\"query-input\":{\"@type\":\"PropertyValueSpecification\",\"valueRequired\":true,\"valueName\":\"search_term_string\"}}],\"inLanguage\":\"en-GB\"},{\"@type\":\"Organization\",\"@id\":\"https:\/\/sahabi.fr\/#organization\",\"name\":\"Sahabi\",\"url\":\"https:\/\/sahabi.fr\/\",\"logo\":{\"@type\":\"ImageObject\",\"inLanguage\":\"en-GB\",\"@id\":\"https:\/\/sahabi.fr\/#\/schema\/logo\/image\/\",\"url\":\"https:\/\/sahabi.fr\/wp-content\/uploads\/2021\/02\/logo-sahabi-fond-noir-logo-blanc.png\",\"contentUrl\":\"https:\/\/sahabi.fr\/wp-content\/uploads\/2021\/02\/logo-sahabi-fond-noir-logo-blanc.png\",\"width\":2100,\"height\":2100,\"caption\":\"Sahabi\"},\"image\":{\"@id\":\"https:\/\/sahabi.fr\/#\/schema\/logo\/image\/\"},\"sameAs\":[\"https:\/\/www.facebook.com\/sahabi.clothing.oversize\",\"https:\/\/www.instagram.com\/sahabi.fr\/?hl=fr\",\"https:\/\/www.pinterest.fr\/Sahabiclothing\/_created\/\"]}]}<\/script>\n<!-- \/ Yoast SEO plugin. -->","yoast_head_json":{"title":"Sarouel classe bas fit gris chin\u00e9 - Sahabi","description":"Sarouel et mode oversize pour homme sur la boutique Sahabi en ligne. Sarouel jeans, sarouel classe, sweat oversize, t-shirt oversize.","robots":{"index":"index","follow":"follow","max-snippet":"max-snippet:-1","max-image-preview":"max-image-preview:large","max-video-preview":"max-video-preview:-1"},"canonical":"https:\/\/sahabi.fr\/en\/product\/sarouel-classe-bas-fit-gris-chine\/","og_locale":"en_GB","og_type":"article","og_title":"Sarouel classe bas fit gris chin\u00e9 - Sahabi","og_description":"Sarouel et mode oversize pour homme sur la boutique Sahabi en ligne. Sarouel jeans, sarouel classe, sweat oversize, t-shirt oversize.","og_url":"https:\/\/sahabi.fr\/en\/product\/sarouel-classe-bas-fit-gris-chine\/","og_site_name":"Sahabi","article_publisher":"https:\/\/www.facebook.com\/sahabi.clothing.oversize","article_modified_time":"2021-07-14T16:17:23+00:00","og_image":[{"width":768,"height":1024,"url":"https:\/\/sahabi.fr\/wp-content\/uploads\/2019\/07\/IMG_E79171-1-768x1024.jpg","type":"image\/jpeg"}],"twitter_card":"summary_large_image","schema":{"@context":"https:\/\/schema.org","@graph":[{"@type":"WebPage","@id":"https:\/\/sahabi.fr\/produit\/sarouel-classe-bas-fit-gris-chine\/","url":"https:\/\/sahabi.fr\/produit\/sarouel-classe-bas-fit-gris-chine\/","name":"Sarouel classe bas fit gris chin\u00e9 - Sahabi","isPartOf":{"@id":"https:\/\/sahabi.fr\/#website"},"primaryImageOfPage":{"@id":"https:\/\/sahabi.fr\/produit\/sarouel-classe-bas-fit-gris-chine\/#primaryimage"},"image":{"@id":"https:\/\/sahabi.fr\/produit\/sarouel-classe-bas-fit-gris-chine\/#primaryimage"},"thumbnailUrl":"https:\/\/sahabi.fr\/wp-content\/uploads\/2019\/07\/IMG_E79171-1.jpg","datePublished":"2019-11-15T08:09:41+00:00","dateModified":"2021-07-14T16:17:23+00:00","description":"Sarouel et mode oversize pour homme sur la boutique Sahabi en ligne. Sarouel jeans, sarouel classe, sweat oversize, t-shirt oversize.","breadcrumb":{"@id":"https:\/\/sahabi.fr\/produit\/sarouel-classe-bas-fit-gris-chine\/#breadcrumb"},"inLanguage":"en-GB","potentialAction":[{"@type":"ReadAction","target":["https:\/\/sahabi.fr\/produit\/sarouel-classe-bas-fit-gris-chine\/"]}]},{"@type":"ImageObject","inLanguage":"en-GB","@id":"https:\/\/sahabi.fr\/produit\/sarouel-classe-bas-fit-gris-chine\/#primaryimage","url":"https:\/\/sahabi.fr\/wp-content\/uploads\/2019\/07\/IMG_E79171-1.jpg","contentUrl":"https:\/\/sahabi.fr\/wp-content\/uploads\/2019\/07\/IMG_E79171-1.jpg","width":3024,"height":4032,"caption":"Sarouel gris chin\u00e9 de la marque sahabi avec basket adidas"},{"@type":"BreadcrumbList","@id":"https:\/\/sahabi.fr\/produit\/sarouel-classe-bas-fit-gris-chine\/#breadcrumb","itemListElement":[{"@type":"ListItem","position":1,"name":"Accueil","item":"https:\/\/sahabi.fr\/"},{"@type":"ListItem","position":2,"name":"Boutique","item":"https:\/\/sahabi.fr\/boutique\/"},{"@type":"ListItem","position":3,"name":"Sarouel classe bas fit gris chin\u00e9"}]},{"@type":"WebSite","@id":"https:\/\/sahabi.fr\/#website","url":"https:\/\/sahabi.fr\/","name":"Sahabi","description":"V\u00eatements oversize &amp; sarouel","publisher":{"@id":"https:\/\/sahabi.fr\/#organization"},"potentialAction":[{"@type":"SearchAction","target":{"@type":"EntryPoint","urlTemplate":"https:\/\/sahabi.fr\/?s={search_term_string}"},"query-input":{"@type":"PropertyValueSpecification","valueRequired":true,"valueName":"search_term_string"}}],"inLanguage":"en-GB"},{"@type":"Organization","@id":"https:\/\/sahabi.fr\/#organization","name":"Sahabi","url":"https:\/\/sahabi.fr\/","logo":{"@type":"ImageObject","inLanguage":"en-GB","@id":"https:\/\/sahabi.fr\/#\/schema\/logo\/image\/","url":"https:\/\/sahabi.fr\/wp-content\/uploads\/2021\/02\/logo-sahabi-fond-noir-logo-blanc.png","contentUrl":"https:\/\/sahabi.fr\/wp-content\/uploads\/2021\/02\/logo-sahabi-fond-noir-logo-blanc.png","width":2100,"height":2100,"caption":"Sahabi"},"image":{"@id":"https:\/\/sahabi.fr\/#\/schema\/logo\/image\/"},"sameAs":["https:\/\/www.facebook.com\/sahabi.clothing.oversize","https:\/\/www.instagram.com\/sahabi.fr\/?hl=fr","https:\/\/www.pinterest.fr\/Sahabiclothing\/_created\/"]}]}},"jetpack_sharing_enabled":true,"_links":{"self":[{"href":"https:\/\/sahabi.fr\/en\/wp-json\/wp\/v2\/product\/592","targetHints":{"allow":["GET"]}}],"collection":[{"href":"https:\/\/sahabi.fr\/en\/wp-json\/wp\/v2\/product"}],"about":[{"href":"https:\/\/sahabi.fr\/en\/wp-json\/wp\/v2\/types\/product"}],"replies":[{"embeddable":true,"href":"https:\/\/sahabi.fr\/en\/wp-json\/wp\/v2\/comments?post=592"}],"wp:featuredmedia":[{"embeddable":true,"href":"https:\/\/sahabi.fr\/en\/wp-json\/wp\/v2\/media\/347"}],"wp:attachment":[{"href":"https:\/\/sahabi.fr\/en\/wp-json\/wp\/v2\/media?parent=592"}],"wp:term":[{"taxonomy":"product_brand","embeddable":true,"href":"https:\/\/sahabi.fr\/en\/wp-json\/wp\/v2\/product_brand?post=592"},{"taxonomy":"product_cat","embeddable":true,"href":"https:\/\/sahabi.fr\/en\/wp-json\/wp\/v2\/product_cat?post=592"},{"taxonomy":"product_tag","embeddable":true,"href":"https:\/\/sahabi.fr\/en\/wp-json\/wp\/v2\/product_tag?post=592"}],"curies":[{"name":"wp","href":"https:\/\/api.w.org\/{rel}","templated":true}]}}