{"id":2044,"date":"2022-07-17T07:42:29","date_gmt":"2022-07-17T07:42:29","guid":{"rendered":"https:\/\/sahabi.fr\/?post_type=product&#038;p=2044"},"modified":"2026-04-06T15:11:34","modified_gmt":"2026-04-06T15:11:34","slug":"pantalon-cargo-oversize-d-one-blanc-casse","status":"publish","type":"product","link":"https:\/\/sahabi.fr\/en\/product\/pantalon-cargo-oversize-d-one-blanc-casse\/","title":{"rendered":"Pantalon cargo oversize D-One blanc cass\u00e9"},"content":{"rendered":"<p>Le sarouel cargo D-One est de retour et cette fois en blanc cass\u00e9.<\/p>\n<p>Pour cette nouvelle collection nous avons choisi un tissus quatre saisons (hiver, printemps, \u00e9t\u00e9, autonmne)<\/p>\n<p>Ce sarouel homme cargo \u00e0 entrejambes bas fa\u00e7on sarouel vous donnera un style unique et hyper styl\u00e9.<\/p>\n<p>Il a de nombreux atouts comme le fait d&rsquo;\u00eatre confortable gr\u00e2ce \u00e0 sont tissu contenant 2% d&rsquo;\u00e9lasthane et 98% de coton.<\/p>\n<ul>\n<li>Taille \u00e9lastique avec cordon de serrage<\/li>\n<li>Entrejambe bas<\/li>\n<li>Poches italienne<\/li>\n<li>4 poches \u00e0 rabat avec scratch<\/li>\n<li>Coupe fusel\u00e9e oversize<\/li>\n<li>Une coupe ample au niveau des cuisses et ajust\u00e9e le long des jambes<\/li>\n<\/ul>\n<p>Sahabi, habille toi avec style !<\/p>","protected":false},"excerpt":{"rendered":"<p>Le mannequin p\u00e8se 74kg, mesure 1m78 et porte la taille L. Le mannequin porte habituellement une taille M mais ce mod\u00e8le <span style=\"color: #ed1c24;\">taille petit<\/span>, nous vous conseillons donc de prendre une taille en dessus.<\/p>","protected":false},"featured_media":2050,"comment_status":"open","ping_status":"closed","template":"","meta":{"_monsterinsights_skip_tracking":false,"_monsterinsights_sitenote_active":false,"_monsterinsights_sitenote_note":"","_monsterinsights_sitenote_category":0},"product_brand":[],"product_cat":[17,16],"product_tag":[],"class_list":{"0":"post-2044","1":"product","2":"type-product","3":"status-publish","4":"has-post-thumbnail","6":"product_cat-sarouel","7":"product_cat-vetements","9":"first","10":"instock","11":"sale","12":"shipping-taxable","13":"purchasable","14":"product-type-variable"},"yoast_head":"<!-- This site is optimized with the Yoast SEO plugin v27.1.1 - https:\/\/yoast.com\/product\/yoast-seo-wordpress\/ -->\n<title>Pantalon cargo oversize D-One blanc cass\u00e9 - Sahabi<\/title>\n<meta name=\"description\" content=\"Sarouel homme et mode oversize mastour pour homme sur la boutique Sahabi en ligne. Sarouel jeans, sarouel classe, sweat oversize, t-shirt oversize.\" \/>\n<meta name=\"robots\" content=\"index, follow, max-snippet:-1, max-image-preview:large, max-video-preview:-1\" \/>\n<link rel=\"canonical\" href=\"https:\/\/sahabi.fr\/en\/product\/pantalon-cargo-oversize-d-one-blanc-casse\/\" \/>\n<meta property=\"og:locale\" content=\"en_GB\" \/>\n<meta property=\"og:type\" content=\"article\" \/>\n<meta property=\"og:title\" content=\"Pantalon cargo oversize D-One blanc cass\u00e9 - Sahabi\" \/>\n<meta property=\"og:description\" content=\"Sarouel homme et mode oversize mastour pour homme sur la boutique Sahabi en ligne. Sarouel jeans, sarouel classe, sweat oversize, t-shirt oversize.\" \/>\n<meta property=\"og:url\" content=\"https:\/\/sahabi.fr\/en\/product\/pantalon-cargo-oversize-d-one-blanc-casse\/\" \/>\n<meta property=\"og:site_name\" content=\"Sahabi\" \/>\n<meta property=\"article:publisher\" content=\"https:\/\/www.facebook.com\/sahabi.clothing.oversize\" \/>\n<meta property=\"article:modified_time\" content=\"2026-04-06T15:11:34+00:00\" \/>\n<meta property=\"og:image\" content=\"https:\/\/sahabi.fr\/wp-content\/uploads\/2022\/07\/sarouel-sahabi-pantalon-cargo-D-One-banc-casse\u0301-prise-face-scaled-e1658043973450.jpeg\" \/>\n\t<meta property=\"og:image:width\" content=\"1575\" \/>\n\t<meta property=\"og:image:height\" content=\"2100\" \/>\n\t<meta property=\"og:image:type\" content=\"image\/jpeg\" \/>\n<meta name=\"twitter:card\" content=\"summary_large_image\" \/>\n<meta name=\"twitter:label1\" content=\"Estimated reading time\" \/>\n\t<meta name=\"twitter:data1\" content=\"1 minute\" \/>\n<script type=\"application\/ld+json\" class=\"yoast-schema-graph\">{\"@context\":\"https:\/\/schema.org\",\"@graph\":[{\"@type\":\"WebPage\",\"@id\":\"https:\/\/sahabi.fr\/produit\/pantalon-cargo-oversize-d-one-blanc-casse\/\",\"url\":\"https:\/\/sahabi.fr\/produit\/pantalon-cargo-oversize-d-one-blanc-casse\/\",\"name\":\"Pantalon cargo oversize D-One blanc cass\u00e9 - Sahabi\",\"isPartOf\":{\"@id\":\"https:\/\/sahabi.fr\/#website\"},\"primaryImageOfPage\":{\"@id\":\"https:\/\/sahabi.fr\/produit\/pantalon-cargo-oversize-d-one-blanc-casse\/#primaryimage\"},\"image\":{\"@id\":\"https:\/\/sahabi.fr\/produit\/pantalon-cargo-oversize-d-one-blanc-casse\/#primaryimage\"},\"thumbnailUrl\":\"https:\/\/sahabi.fr\/wp-content\/uploads\/2022\/07\/sarouel-sahabi-pantalon-cargo-D-One-banc-casse\u0301-prise-face-scaled-e1658043973450.jpeg\",\"datePublished\":\"2022-07-17T07:42:29+00:00\",\"dateModified\":\"2026-04-06T15:11:34+00:00\",\"description\":\"Sarouel homme et mode oversize mastour pour homme sur la boutique Sahabi en ligne. Sarouel jeans, sarouel classe, sweat oversize, t-shirt oversize.\",\"breadcrumb\":{\"@id\":\"https:\/\/sahabi.fr\/produit\/pantalon-cargo-oversize-d-one-blanc-casse\/#breadcrumb\"},\"inLanguage\":\"en-GB\",\"potentialAction\":[{\"@type\":\"ReadAction\",\"target\":[\"https:\/\/sahabi.fr\/produit\/pantalon-cargo-oversize-d-one-blanc-casse\/\"]}]},{\"@type\":\"ImageObject\",\"inLanguage\":\"en-GB\",\"@id\":\"https:\/\/sahabi.fr\/produit\/pantalon-cargo-oversize-d-one-blanc-casse\/#primaryimage\",\"url\":\"https:\/\/sahabi.fr\/wp-content\/uploads\/2022\/07\/sarouel-sahabi-pantalon-cargo-D-One-banc-casse\u0301-prise-face-scaled-e1658043973450.jpeg\",\"contentUrl\":\"https:\/\/sahabi.fr\/wp-content\/uploads\/2022\/07\/sarouel-sahabi-pantalon-cargo-D-One-banc-casse\u0301-prise-face-scaled-e1658043973450.jpeg\",\"width\":1575,\"height\":2100},{\"@type\":\"BreadcrumbList\",\"@id\":\"https:\/\/sahabi.fr\/produit\/pantalon-cargo-oversize-d-one-blanc-casse\/#breadcrumb\",\"itemListElement\":[{\"@type\":\"ListItem\",\"position\":1,\"name\":\"Accueil\",\"item\":\"https:\/\/sahabi.fr\/\"},{\"@type\":\"ListItem\",\"position\":2,\"name\":\"Boutique\",\"item\":\"https:\/\/sahabi.fr\/boutique\/\"},{\"@type\":\"ListItem\",\"position\":3,\"name\":\"Pantalon cargo oversize D-One blanc cass\u00e9\"}]},{\"@type\":\"WebSite\",\"@id\":\"https:\/\/sahabi.fr\/#website\",\"url\":\"https:\/\/sahabi.fr\/\",\"name\":\"Sahabi\",\"description\":\"V\u00eatements oversize &amp; sarouel\",\"publisher\":{\"@id\":\"https:\/\/sahabi.fr\/#organization\"},\"potentialAction\":[{\"@type\":\"SearchAction\",\"target\":{\"@type\":\"EntryPoint\",\"urlTemplate\":\"https:\/\/sahabi.fr\/?s={search_term_string}\"},\"query-input\":{\"@type\":\"PropertyValueSpecification\",\"valueRequired\":true,\"valueName\":\"search_term_string\"}}],\"inLanguage\":\"en-GB\"},{\"@type\":\"Organization\",\"@id\":\"https:\/\/sahabi.fr\/#organization\",\"name\":\"Sahabi\",\"url\":\"https:\/\/sahabi.fr\/\",\"logo\":{\"@type\":\"ImageObject\",\"inLanguage\":\"en-GB\",\"@id\":\"https:\/\/sahabi.fr\/#\/schema\/logo\/image\/\",\"url\":\"https:\/\/sahabi.fr\/wp-content\/uploads\/2021\/02\/logo-sahabi-fond-noir-logo-blanc.png\",\"contentUrl\":\"https:\/\/sahabi.fr\/wp-content\/uploads\/2021\/02\/logo-sahabi-fond-noir-logo-blanc.png\",\"width\":2100,\"height\":2100,\"caption\":\"Sahabi\"},\"image\":{\"@id\":\"https:\/\/sahabi.fr\/#\/schema\/logo\/image\/\"},\"sameAs\":[\"https:\/\/www.facebook.com\/sahabi.clothing.oversize\",\"https:\/\/www.instagram.com\/sahabi.fr\/?hl=fr\",\"https:\/\/www.pinterest.fr\/Sahabiclothing\/_created\/\"]}]}<\/script>\n<!-- \/ Yoast SEO plugin. -->","yoast_head_json":{"title":"Pantalon cargo oversize D-One blanc cass\u00e9 - Sahabi","description":"Sarouel homme et mode oversize mastour pour homme sur la boutique Sahabi en ligne. Sarouel jeans, sarouel classe, sweat oversize, t-shirt oversize.","robots":{"index":"index","follow":"follow","max-snippet":"max-snippet:-1","max-image-preview":"max-image-preview:large","max-video-preview":"max-video-preview:-1"},"canonical":"https:\/\/sahabi.fr\/en\/product\/pantalon-cargo-oversize-d-one-blanc-casse\/","og_locale":"en_GB","og_type":"article","og_title":"Pantalon cargo oversize D-One blanc cass\u00e9 - Sahabi","og_description":"Sarouel homme et mode oversize mastour pour homme sur la boutique Sahabi en ligne. Sarouel jeans, sarouel classe, sweat oversize, t-shirt oversize.","og_url":"https:\/\/sahabi.fr\/en\/product\/pantalon-cargo-oversize-d-one-blanc-casse\/","og_site_name":"Sahabi","article_publisher":"https:\/\/www.facebook.com\/sahabi.clothing.oversize","article_modified_time":"2026-04-06T15:11:34+00:00","og_image":[{"width":1575,"height":2100,"url":"https:\/\/sahabi.fr\/wp-content\/uploads\/2022\/07\/sarouel-sahabi-pantalon-cargo-D-One-banc-casse\u0301-prise-face-scaled-e1658043973450.jpeg","type":"image\/jpeg"}],"twitter_card":"summary_large_image","twitter_misc":{"Estimated reading time":"1 minute"},"schema":{"@context":"https:\/\/schema.org","@graph":[{"@type":"WebPage","@id":"https:\/\/sahabi.fr\/produit\/pantalon-cargo-oversize-d-one-blanc-casse\/","url":"https:\/\/sahabi.fr\/produit\/pantalon-cargo-oversize-d-one-blanc-casse\/","name":"Pantalon cargo oversize D-One blanc cass\u00e9 - Sahabi","isPartOf":{"@id":"https:\/\/sahabi.fr\/#website"},"primaryImageOfPage":{"@id":"https:\/\/sahabi.fr\/produit\/pantalon-cargo-oversize-d-one-blanc-casse\/#primaryimage"},"image":{"@id":"https:\/\/sahabi.fr\/produit\/pantalon-cargo-oversize-d-one-blanc-casse\/#primaryimage"},"thumbnailUrl":"https:\/\/sahabi.fr\/wp-content\/uploads\/2022\/07\/sarouel-sahabi-pantalon-cargo-D-One-banc-casse\u0301-prise-face-scaled-e1658043973450.jpeg","datePublished":"2022-07-17T07:42:29+00:00","dateModified":"2026-04-06T15:11:34+00:00","description":"Sarouel homme et mode oversize mastour pour homme sur la boutique Sahabi en ligne. Sarouel jeans, sarouel classe, sweat oversize, t-shirt oversize.","breadcrumb":{"@id":"https:\/\/sahabi.fr\/produit\/pantalon-cargo-oversize-d-one-blanc-casse\/#breadcrumb"},"inLanguage":"en-GB","potentialAction":[{"@type":"ReadAction","target":["https:\/\/sahabi.fr\/produit\/pantalon-cargo-oversize-d-one-blanc-casse\/"]}]},{"@type":"ImageObject","inLanguage":"en-GB","@id":"https:\/\/sahabi.fr\/produit\/pantalon-cargo-oversize-d-one-blanc-casse\/#primaryimage","url":"https:\/\/sahabi.fr\/wp-content\/uploads\/2022\/07\/sarouel-sahabi-pantalon-cargo-D-One-banc-casse\u0301-prise-face-scaled-e1658043973450.jpeg","contentUrl":"https:\/\/sahabi.fr\/wp-content\/uploads\/2022\/07\/sarouel-sahabi-pantalon-cargo-D-One-banc-casse\u0301-prise-face-scaled-e1658043973450.jpeg","width":1575,"height":2100},{"@type":"BreadcrumbList","@id":"https:\/\/sahabi.fr\/produit\/pantalon-cargo-oversize-d-one-blanc-casse\/#breadcrumb","itemListElement":[{"@type":"ListItem","position":1,"name":"Accueil","item":"https:\/\/sahabi.fr\/"},{"@type":"ListItem","position":2,"name":"Boutique","item":"https:\/\/sahabi.fr\/boutique\/"},{"@type":"ListItem","position":3,"name":"Pantalon cargo oversize D-One blanc cass\u00e9"}]},{"@type":"WebSite","@id":"https:\/\/sahabi.fr\/#website","url":"https:\/\/sahabi.fr\/","name":"Sahabi","description":"V\u00eatements oversize &amp; sarouel","publisher":{"@id":"https:\/\/sahabi.fr\/#organization"},"potentialAction":[{"@type":"SearchAction","target":{"@type":"EntryPoint","urlTemplate":"https:\/\/sahabi.fr\/?s={search_term_string}"},"query-input":{"@type":"PropertyValueSpecification","valueRequired":true,"valueName":"search_term_string"}}],"inLanguage":"en-GB"},{"@type":"Organization","@id":"https:\/\/sahabi.fr\/#organization","name":"Sahabi","url":"https:\/\/sahabi.fr\/","logo":{"@type":"ImageObject","inLanguage":"en-GB","@id":"https:\/\/sahabi.fr\/#\/schema\/logo\/image\/","url":"https:\/\/sahabi.fr\/wp-content\/uploads\/2021\/02\/logo-sahabi-fond-noir-logo-blanc.png","contentUrl":"https:\/\/sahabi.fr\/wp-content\/uploads\/2021\/02\/logo-sahabi-fond-noir-logo-blanc.png","width":2100,"height":2100,"caption":"Sahabi"},"image":{"@id":"https:\/\/sahabi.fr\/#\/schema\/logo\/image\/"},"sameAs":["https:\/\/www.facebook.com\/sahabi.clothing.oversize","https:\/\/www.instagram.com\/sahabi.fr\/?hl=fr","https:\/\/www.pinterest.fr\/Sahabiclothing\/_created\/"]}]}},"jetpack_sharing_enabled":true,"_links":{"self":[{"href":"https:\/\/sahabi.fr\/en\/wp-json\/wp\/v2\/product\/2044","targetHints":{"allow":["GET"]}}],"collection":[{"href":"https:\/\/sahabi.fr\/en\/wp-json\/wp\/v2\/product"}],"about":[{"href":"https:\/\/sahabi.fr\/en\/wp-json\/wp\/v2\/types\/product"}],"replies":[{"embeddable":true,"href":"https:\/\/sahabi.fr\/en\/wp-json\/wp\/v2\/comments?post=2044"}],"wp:featuredmedia":[{"embeddable":true,"href":"https:\/\/sahabi.fr\/en\/wp-json\/wp\/v2\/media\/2050"}],"wp:attachment":[{"href":"https:\/\/sahabi.fr\/en\/wp-json\/wp\/v2\/media?parent=2044"}],"wp:term":[{"taxonomy":"product_brand","embeddable":true,"href":"https:\/\/sahabi.fr\/en\/wp-json\/wp\/v2\/product_brand?post=2044"},{"taxonomy":"product_cat","embeddable":true,"href":"https:\/\/sahabi.fr\/en\/wp-json\/wp\/v2\/product_cat?post=2044"},{"taxonomy":"product_tag","embeddable":true,"href":"https:\/\/sahabi.fr\/en\/wp-json\/wp\/v2\/product_tag?post=2044"}],"curies":[{"name":"wp","href":"https:\/\/api.w.org\/{rel}","templated":true}]}}